{"id":181,"date":"2011-01-21T15:20:45","date_gmt":"2011-01-21T15:20:45","guid":{"rendered":"http:\/\/www.paareprojekt.de\/?page_id=181"},"modified":"2015-10-07T11:18:12","modified_gmt":"2015-10-07T11:18:12","slug":"unsere-route","status":"publish","type":"page","link":"https:\/\/www.paareprojekt.de\/?page_id=181","title":{"rendered":"Unsere Routen"},"content":{"rendered":"<p>F\u00fcr unser Projekt wollen wir in diesem Jahr 150 bis 200 Paare in ganz Deutschland fotografieren. Nat\u00fcrlich k\u00f6nnen wir nicht in jeden Winkel unseres Landes reisen, aber wir versuchen, m\u00f6glichst fl\u00e4chendeckend unterwegs zu sein. 13 St\u00e4dte und Regionen haben wir daf\u00fcr ausgesucht und sie auf drei Routen, f\u00fcr die wir jeweils rund zwei Wochen unterwegs sein wollen, verteilt.<\/p>\n<h2><strong>Die Nord-Route im Mai<\/strong><em><strong> 2011<br \/>\n<\/strong><\/em><\/h2>\n<p><em>Die Nord-Route f\u00fchrt uns zun\u00e4chst am 12. Mai nach <strong>Dortmund<\/strong>. Danach geht es weiter nach <strong>Sellstedt bei Bremerhaven<\/strong> (15. Mai), nach <strong>Dageb\u00fcll <\/strong>(18. Mai) und <strong>Hamburg <\/strong>(22. Mai).<br \/>\n<\/em><\/p>\n<h2><strong>Die S\u00fcd-Route im Juli<\/strong><em><strong> 2011<br \/>\n<\/strong><\/em><\/h2>\n<p><em>Die S\u00fcd-Route f\u00fchrt uns zun\u00e4chst nach <strong>Wiesbaum <\/strong>in der Eifel (21. Juli). Danach fahren wir nach <strong>Bruchsal<\/strong> (24. Juli) in die N\u00e4he von Karlsruhe<strong>, <\/strong>nach\u00a0<strong>Landshut <\/strong>(27. Juli) sowie nach <strong>Andechs<\/strong> am Ammersee (31. Juli).<\/em><\/p>\n<h2><strong>Die Ost-Route im <em>April 2012<\/em><\/strong><em><strong><br \/>\n<\/strong><\/em><\/h2>\n<p><em>Unsere letzte Tour m\u00fcssen wir aus organisatorischen Gr\u00fcnden splitten. Wir fotografieren am Sonntag, 1. April, in <strong>Frankfurt am Main<\/strong>. Die &#8222;richtige&#8220; Tour findet dann in der zweiten April-H\u00e4lfte statt: Wir fotografieren in der <strong>Uckermark <\/strong>(Donnerstag, 19. April), in <strong>Berlin <\/strong>(<\/em>Sonntag, 22. April, und Montag, 23. April) sowie zum Abschluss des Paareprojektes in <strong>Leipzig <\/strong>(Freitag, 27. April).<\/p>\n<p><strong>Wer mitmachen m\u00f6chte oder aber jemanden kennt, der  vielleicht mitmachen m\u00f6chte, sollte sich schon jetzt bei uns melden<\/strong>: Wir sind grunds\u00e4tzlich an jedem Paar, das seinen Wohnsitz in Deutschland hat, interessiert. Sobald wir die konkrete Planung f\u00fcr eine Stadt aufgenommen haben, erhaltet ihr \u00fcber einen entsprechenden Link auf den St\u00e4dtenamen weitere Informationen zum Shooting wie Ort und Zeit. <strong>Au\u00dferdem suchen wir noch nach geeigneten Orte, an denen wir  fotografieren k\u00f6nnen<\/strong> und die uns jemand kostenlos f\u00fcr einen Tag zur Verf\u00fcgung stellen kann &#8211; zum Beispiel Ateliers oder Tageslichtstudios mit mindestens drei Meter Deckenh\u00f6he.  Scheunen, Autoh\u00e4user, Turnhallen und Foyers mit Tageslicht w\u00fcrden aber nat\u00fcrlich auch bestens funktionieren. Wenn uns jemand mit einer \u00dcbernachtungsm\u00f6glichkeit unterst\u00fctzen m\u00f6chte, w\u00e4ren wir ebenfalls sehr dankbar.<\/p>\n","protected":false},"excerpt":{"rendered":"<p>F\u00fcr unser Projekt wollen wir in diesem Jahr 150 bis 200 Paare in ganz Deutschland fotografieren. Nat\u00fcrlich k\u00f6nnen wir nicht in jeden Winkel unseres Landes reisen, aber wir versuchen, m\u00f6glichst fl\u00e4chendeckend unterwegs zu sein. 13 St\u00e4dte und Regionen haben wir daf\u00fcr ausgesucht und sie auf drei Routen, f\u00fcr die wir jeweils rund zwei Wochen unterwegs [&hellip;]<\/p>\n","protected":false},"author":1,"featured_media":0,"parent":0,"menu_order":3,"comment_status":"closed","ping_status":"closed","template":"","meta":{"footnotes":""},"_links":{"self":[{"href":"https:\/\/www.paareprojekt.de\/index.php?rest_route=\/wp\/v2\/pages\/181"}],"collection":[{"href":"https:\/\/www.paareprojekt.de\/index.php?rest_route=\/wp\/v2\/pages"}],"about":[{"href":"https:\/\/www.paareprojekt.de\/index.php?rest_route=\/wp\/v2\/types\/page"}],"author":[{"embeddable":true,"href":"https:\/\/www.paareprojekt.de\/index.php?rest_route=\/wp\/v2\/users\/1"}],"replies":[{"embeddable":true,"href":"https:\/\/www.paareprojekt.de\/index.php?rest_route=%2Fwp%2Fv2%2Fcomments&post=181"}],"version-history":[{"count":65,"href":"https:\/\/www.paareprojekt.de\/index.php?rest_route=\/wp\/v2\/pages\/181\/revisions"}],"predecessor-version":[{"id":1928,"href":"https:\/\/www.paareprojekt.de\/index.php?rest_route=\/wp\/v2\/pages\/181\/revisions\/1928"}],"wp:attachment":[{"href":"https:\/\/www.paareprojekt.de\/index.php?rest_route=%2Fwp%2Fv2%2Fmedia&parent=181"}],"curies":[{"name":"wp","href":"https:\/\/api.w.org\/{rel}","templated":true}]}}