{"id":2,"date":"2011-01-19T17:04:17","date_gmt":"2011-01-19T17:04:17","guid":{"rendered":"http:\/\/www.paareprojekt.de\/?page_id=2"},"modified":"2015-10-07T11:19:06","modified_gmt":"2015-10-07T11:19:06","slug":"eine-seite","status":"publish","type":"page","link":"https:\/\/www.paareprojekt.de\/?page_id=2","title":{"rendered":"Impressum"},"content":{"rendered":"<p>Alle auf dieser Website ver\u00f6ffentlichten Texte und  Abbildungen sind urheberrechtlich gesch\u00fctzt. Jede vom  Urheberrechtsgesetz nicht zugelassene Verwertung bedarf der vorherigen  schriftlichen Zustimmung durch die Fotografen und Betreiber dieser  Website. Ausdrucke und Speicherung von Inhalten sind nicht gestattet.<\/p>\n<p>Nadine Prei\u00df &amp; Damian Zimmermann<\/p>\n<p>Vastersstra\u00dfe 10<\/p>\n<p>50825 K\u00f6ln<\/p>\n<p>0221\/7003065<\/p>\n<p><a class=\"r11\" href=\"mailto:info@paareprojekt.de\"><br \/>\ninfo@paareprojekt.de<\/a><\/p>\n","protected":false},"excerpt":{"rendered":"<p>Alle auf dieser Website ver\u00f6ffentlichten Texte und Abbildungen sind urheberrechtlich gesch\u00fctzt. Jede vom Urheberrechtsgesetz nicht zugelassene Verwertung bedarf der vorherigen schriftlichen Zustimmung durch die Fotografen und Betreiber dieser Website. Ausdrucke und Speicherung von Inhalten sind nicht gestattet. Nadine Prei\u00df &amp; Damian Zimmermann Vastersstra\u00dfe 10 50825 K\u00f6ln 0221\/7003065 info@paareprojekt.de<\/p>\n","protected":false},"author":1,"featured_media":0,"parent":0,"menu_order":7,"comment_status":"open","ping_status":"closed","template":"","meta":{"footnotes":""},"_links":{"self":[{"href":"https:\/\/www.paareprojekt.de\/index.php?rest_route=\/wp\/v2\/pages\/2"}],"collection":[{"href":"https:\/\/www.paareprojekt.de\/index.php?rest_route=\/wp\/v2\/pages"}],"about":[{"href":"https:\/\/www.paareprojekt.de\/index.php?rest_route=\/wp\/v2\/types\/page"}],"author":[{"embeddable":true,"href":"https:\/\/www.paareprojekt.de\/index.php?rest_route=\/wp\/v2\/users\/1"}],"replies":[{"embeddable":true,"href":"https:\/\/www.paareprojekt.de\/index.php?rest_route=%2Fwp%2Fv2%2Fcomments&post=2"}],"version-history":[{"count":15,"href":"https:\/\/www.paareprojekt.de\/index.php?rest_route=\/wp\/v2\/pages\/2\/revisions"}],"predecessor-version":[{"id":1933,"href":"https:\/\/www.paareprojekt.de\/index.php?rest_route=\/wp\/v2\/pages\/2\/revisions\/1933"}],"wp:attachment":[{"href":"https:\/\/www.paareprojekt.de\/index.php?rest_route=%2Fwp%2Fv2%2Fmedia&parent=2"}],"curies":[{"name":"wp","href":"https:\/\/api.w.org\/{rel}","templated":true}]}}