{"id":26,"date":"2011-01-19T21:56:53","date_gmt":"2011-01-19T21:56:53","guid":{"rendered":"http:\/\/www.paareprojekt.de\/?page_id=26"},"modified":"2015-10-07T11:19:01","modified_gmt":"2015-10-07T11:19:01","slug":"kontakt","status":"publish","type":"page","link":"https:\/\/www.paareprojekt.de\/?page_id=26","title":{"rendered":"Kontakt"},"content":{"rendered":"<p>Nadine Prei\u00df &amp; Damian Zimmermann<\/p>\n<p>Vastersstra\u00dfe 10<\/p>\n<p>50825 K\u00f6ln<\/p>\n<p>Tel. 0221\/7003065<\/p>\n<p>Nadine 0163\/2353180<\/p>\n<p>Damian 0170\/4838014<\/p>\n<p><a class=\"r11\" href=\"mailto:info@paareprojekt.de\"><br \/>\ninfo@paareprojekt.de<\/a><\/p>\n<p><a href=\"http:\/\/www.paareprojekt.de\" target=\"_blank\">www.paareprojekt.de<\/a><\/p>\n","protected":false},"excerpt":{"rendered":"<p>Nadine Prei\u00df &amp; Damian Zimmermann Vastersstra\u00dfe 10 50825 K\u00f6ln Tel. 0221\/7003065 Nadine 0163\/2353180 Damian 0170\/4838014 info@paareprojekt.de www.paareprojekt.de<\/p>\n","protected":false},"author":1,"featured_media":0,"parent":0,"menu_order":6,"comment_status":"open","ping_status":"closed","template":"","meta":{"footnotes":""},"_links":{"self":[{"href":"https:\/\/www.paareprojekt.de\/index.php?rest_route=\/wp\/v2\/pages\/26"}],"collection":[{"href":"https:\/\/www.paareprojekt.de\/index.php?rest_route=\/wp\/v2\/pages"}],"about":[{"href":"https:\/\/www.paareprojekt.de\/index.php?rest_route=\/wp\/v2\/types\/page"}],"author":[{"embeddable":true,"href":"https:\/\/www.paareprojekt.de\/index.php?rest_route=\/wp\/v2\/users\/1"}],"replies":[{"embeddable":true,"href":"https:\/\/www.paareprojekt.de\/index.php?rest_route=%2Fwp%2Fv2%2Fcomments&post=26"}],"version-history":[{"count":23,"href":"https:\/\/www.paareprojekt.de\/index.php?rest_route=\/wp\/v2\/pages\/26\/revisions"}],"predecessor-version":[{"id":1932,"href":"https:\/\/www.paareprojekt.de\/index.php?rest_route=\/wp\/v2\/pages\/26\/revisions\/1932"}],"wp:attachment":[{"href":"https:\/\/www.paareprojekt.de\/index.php?rest_route=%2Fwp%2Fv2%2Fmedia&parent=26"}],"curies":[{"name":"wp","href":"https:\/\/api.w.org\/{rel}","templated":true}]}}