{"id":31,"date":"2011-01-19T21:59:00","date_gmt":"2011-01-19T21:59:00","guid":{"rendered":"http:\/\/www.paareprojekt.de\/?page_id=31"},"modified":"2015-10-07T11:18:55","modified_gmt":"2015-10-07T11:18:55","slug":"uber-uns","status":"publish","type":"page","link":"https:\/\/www.paareprojekt.de\/?page_id=31","title":{"rendered":"\u00dcber uns"},"content":{"rendered":"<p><strong><a rel=\"attachment wp-att-473\" href=\"http:\/\/www.paareprojekt.de\/?attachment_id=473\"><img decoding=\"async\" loading=\"lazy\" class=\"alignright size-full wp-image-473\" title=\"Damian Zimmermann und Nadine Prei\u00df\" src=\"http:\/\/www.paareprojekt.de\/wp-content\/uploads\/DMZ7804-2.jpg\" alt=\"\" width=\"444\" height=\"296\" srcset=\"https:\/\/www.paareprojekt.de\/wp-content\/uploads\/DMZ7804-2.jpg 900w, https:\/\/www.paareprojekt.de\/wp-content\/uploads\/DMZ7804-2-200x133.jpg 200w, https:\/\/www.paareprojekt.de\/wp-content\/uploads\/DMZ7804-2-400x266.jpg 400w\" sizes=\"(max-width: 444px) 100vw, 444px\" \/><\/a>Nadine Prei\u00df<\/strong>, geboren 1976 in K\u00f6ln, arbeitet seit ihrem Diplom 2009 an der Fachhochschule Dortmund als selbstst\u00e4ndige Fotodesignerin. Sie fotografiert unter anderem f\u00fcr Magazine wie Artnet, Weltkunst und Intro.<\/p>\n<p>letzte Ausstellungen:<br \/>\n2010 &#8222;Alleine Vereint&#8220;, zur 20. Internationalen Photoszene K\u00f6ln<br \/>\n2010 &#8222;Paare \u2013 Menschenbilder aus der BRD zu Beginn des 21. Jahrhunderts&#8220;, studioholterhoff,  im Rahmen der 20. Internationalen Photoszene K\u00f6ln<br \/>\n2010 &#8222;Der Keinmisthaufen&#8220;, Kunst- und Kulturverein Alte Schule Baruth.<br \/>\n2010 &#8222;Alleine Vereint&#8220;, RAUM.201 in Essen im Rahmen der Ruhr.2010<br \/>\n2009 &#8222;Alleine Vereint&#8220;, Kunstraum, Zeche Scherlebeck<\/p>\n<p><span style=\"color: #ffffff;\">&#8212; &#8212; &#8212;<\/span><\/p>\n<p><span style=\"color: #ffffff;\">&#8212; &#8212; &#8212;<\/span><\/p>\n<p><strong>Damian Zimmermann<\/strong>, geboren 1976 in M\u00f6nchengladbach, lebt und arbeitet als freier Fotograf und Journalist mit dem Schwerpunkt Fotografie in K\u00f6ln.<br \/>\nEr ver\u00f6ffentlicht unter anderem in Magazinen wie Artnet, Photonews, K\u00f6lner Stadt-Anzeiger, StadtRevue, Kunstzeitung, taz und Prinz. Seit 2009 betreibt er zudem den Blog <a href=\"http:\/\/www.damianzimmermann.de\/blog\" target=\"_blank\">www.damianzimmermann.de\/blog<\/a> zum Thema Fotografie.<\/p>\n<p>letzte Ausstellungen:<br \/>\n2010 &#8222;Paare \u2013 Menschenbilder aus der BRD zu Beginn des 21. Jahrhunderts&#8220;, studioholterhoff,  im Rahmen der 20. Internationalen Photoszene K\u00f6ln<br \/>\n2008 &#8222;When we were very young&#8220;, Kulturbunker M\u00fclheim, im Rahmen der 19. Internationalen Photoszene K\u00f6ln<br \/>\n2006 &#8222;R45&#8220;, Kulturbunker M\u00fclheim, im Rahmen der 18. Internationalen Photoszene K\u00f6ln<\/p>\n","protected":false},"excerpt":{"rendered":"<p>Nadine Prei\u00df, geboren 1976 in K\u00f6ln, arbeitet seit ihrem Diplom 2009 an der Fachhochschule Dortmund als selbstst\u00e4ndige Fotodesignerin. Sie fotografiert unter anderem f\u00fcr Magazine wie Artnet, Weltkunst und Intro. letzte Ausstellungen: 2010 &#8222;Alleine Vereint&#8220;, zur 20. Internationalen Photoszene K\u00f6ln 2010 &#8222;Paare \u2013 Menschenbilder aus der BRD zu Beginn des 21. Jahrhunderts&#8220;, studioholterhoff, im Rahmen der [&hellip;]<\/p>\n","protected":false},"author":1,"featured_media":0,"parent":0,"menu_order":3,"comment_status":"closed","ping_status":"closed","template":"","meta":{"footnotes":""},"_links":{"self":[{"href":"https:\/\/www.paareprojekt.de\/index.php?rest_route=\/wp\/v2\/pages\/31"}],"collection":[{"href":"https:\/\/www.paareprojekt.de\/index.php?rest_route=\/wp\/v2\/pages"}],"about":[{"href":"https:\/\/www.paareprojekt.de\/index.php?rest_route=\/wp\/v2\/types\/page"}],"author":[{"embeddable":true,"href":"https:\/\/www.paareprojekt.de\/index.php?rest_route=\/wp\/v2\/users\/1"}],"replies":[{"embeddable":true,"href":"https:\/\/www.paareprojekt.de\/index.php?rest_route=%2Fwp%2Fv2%2Fcomments&post=31"}],"version-history":[{"count":113,"href":"https:\/\/www.paareprojekt.de\/index.php?rest_route=\/wp\/v2\/pages\/31\/revisions"}],"predecessor-version":[{"id":1931,"href":"https:\/\/www.paareprojekt.de\/index.php?rest_route=\/wp\/v2\/pages\/31\/revisions\/1931"}],"wp:attachment":[{"href":"https:\/\/www.paareprojekt.de\/index.php?rest_route=%2Fwp%2Fv2%2Fmedia&parent=31"}],"curies":[{"name":"wp","href":"https:\/\/api.w.org\/{rel}","templated":true}]}}