{"id":47,"date":"2011-01-20T19:51:44","date_gmt":"2011-01-20T19:51:44","guid":{"rendered":"http:\/\/www.paareprojekt.de\/?page_id=47"},"modified":"2015-08-03T07:03:42","modified_gmt":"2015-08-03T07:03:42","slug":"das-projekt","status":"publish","type":"page","link":"https:\/\/www.paareprojekt.de\/?page_id=47","title":{"rendered":"Das Projekt"},"content":{"rendered":"<p style=\"text-align: center;\"><a rel=\"attachment wp-att-246\" href=\"http:\/\/www.paareprojekt.de\/?attachment_id=246\"><img decoding=\"async\" loading=\"lazy\" class=\"aligncenter size-large wp-image-246\" title=\"paare\" src=\"http:\/\/www.paareprojekt.de\/wp-content\/uploads\/paare-5-banner-blog1-1024x341.jpg\" alt=\"\" width=\"922\" height=\"307\" srcset=\"https:\/\/www.paareprojekt.de\/wp-content\/uploads\/paare-5-banner-blog1-1024x341.jpg 1024w, https:\/\/www.paareprojekt.de\/wp-content\/uploads\/paare-5-banner-blog1-200x66.jpg 200w, https:\/\/www.paareprojekt.de\/wp-content\/uploads\/paare-5-banner-blog1-400x133.jpg 400w, https:\/\/www.paareprojekt.de\/wp-content\/uploads\/paare-5-banner-blog1.jpg 1500w\" sizes=\"(max-width: 922px) 100vw, 922px\" \/><\/a><\/p>\n<p>Das Projekt \u201ePaare &#8211; Menschenbilder aus der Bundesrepublik Deutschland zu Beginn des 21. Jahrhunderts\u201c beruht auf dem Konzept von Beate Rose. Sie hatte 1971 gemeinsam mit ihrem Mann Heinz Paare aus ganz Deutschland fotografiert und ein wunderbares, aber fast vollkommen in Vergessenheit geratenes Buch ver\u00f6ffentlicht.<\/p>\n<p>Unsere Aufnahmen sind eine Hommage an ihr Projekt und gleichzeitig auch die Fortf\u00fchrung dessen, was sie vor 40 Jahren begonnen hat: Auch wir haben Paare in ganz Deutschland fotografiert &#8211; als Ganzk\u00f6rperportr\u00e4t, stehend und vor einem neutralen, wei\u00dfen Hintergrund. Gestik, Mimik und Kleiderwahl wurden den Paaren \u00fcberlassen. Einzige Bedingung: Sie mussten direkt in die Kamera schauen. In insgesamt 13 St\u00e4dten und D\u00f6rfern haben wir dabei rund 250 Paare fotografiert.<\/p>\n<p>Neben den Bildern steht lediglich der Beruf und das Alter &#8211; mehr Informationen bekommt der Betrachter nicht. Der einzig sichtbare Unterschied zu 1971 besteht darin, dass wir digital statt analog und in Farbe statt schwarzwei\u00df fotografiert haben &#8211; also mit den Mitteln und als deutliches Zeichen unserer Zeit. Denn die \u201cMenschenbilder\u201d sind mehr als nur Fotos von Paaren &#8211; sie sind ein einzigartiges Zeitdokument und Sammelsurium bundesdeutscher (Sozial)Geschichte: Bereits im Abstand von nur wenigen Jahrzehnten und im direkten Vergleich zu unseren Aufnahmen lassen sich deutliche Unterschiede feststellen \u2013 zum Beispiel in der Kleiderwahl, im Selbstverst\u00e4ndnis der Frau in ihrer Berufswahl, im scheinbar selbstverst\u00e4ndlichen Umgang mit der allgegenw\u00e4rtigen Digitalfotografie \u2013 aber auch in der simplen Beobachtung, wie Paare im wahrsten Sinne des Wortes \u201ezueinander stehen\u201c.<\/p>\n<p>Nadine Prei\u00df &amp; Damian Zimmermann<\/p>\n","protected":false},"excerpt":{"rendered":"<p>Das Projekt \u201ePaare &#8211; Menschenbilder aus der Bundesrepublik Deutschland zu Beginn des 21. Jahrhunderts\u201c beruht auf dem Konzept von Beate Rose. Sie hatte 1971 gemeinsam mit ihrem Mann Heinz Paare aus ganz Deutschland fotografiert und ein wunderbares, aber fast vollkommen in Vergessenheit geratenes Buch ver\u00f6ffentlicht. Unsere Aufnahmen sind eine Hommage an ihr Projekt und gleichzeitig [&hellip;]<\/p>\n","protected":false},"author":1,"featured_media":0,"parent":0,"menu_order":1,"comment_status":"closed","ping_status":"closed","template":"","meta":{"footnotes":""},"_links":{"self":[{"href":"https:\/\/www.paareprojekt.de\/index.php?rest_route=\/wp\/v2\/pages\/47"}],"collection":[{"href":"https:\/\/www.paareprojekt.de\/index.php?rest_route=\/wp\/v2\/pages"}],"about":[{"href":"https:\/\/www.paareprojekt.de\/index.php?rest_route=\/wp\/v2\/types\/page"}],"author":[{"embeddable":true,"href":"https:\/\/www.paareprojekt.de\/index.php?rest_route=\/wp\/v2\/users\/1"}],"replies":[{"embeddable":true,"href":"https:\/\/www.paareprojekt.de\/index.php?rest_route=%2Fwp%2Fv2%2Fcomments&post=47"}],"version-history":[{"count":85,"href":"https:\/\/www.paareprojekt.de\/index.php?rest_route=\/wp\/v2\/pages\/47\/revisions"}],"predecessor-version":[{"id":1862,"href":"https:\/\/www.paareprojekt.de\/index.php?rest_route=\/wp\/v2\/pages\/47\/revisions\/1862"}],"wp:attachment":[{"href":"https:\/\/www.paareprojekt.de\/index.php?rest_route=%2Fwp%2Fv2%2Fmedia&parent=47"}],"curies":[{"name":"wp","href":"https:\/\/api.w.org\/{rel}","templated":true}]}}