{"id":549,"date":"2011-05-10T20:22:47","date_gmt":"2011-05-10T20:22:47","guid":{"rendered":"http:\/\/www.paareprojekt.de\/?page_id=549"},"modified":"2022-01-06T13:41:30","modified_gmt":"2022-01-06T13:41:30","slug":"multiblitz","status":"publish","type":"page","link":"https:\/\/www.paareprojekt.de\/?page_id=549","title":{"rendered":"Sponsoren"},"content":{"rendered":"<p style=\"text-align: center;\">\n<p style=\"text-align: center;\">\n<p style=\"text-align: center;\"><a href=\"http:\/\/www.paareprojekt.de\/?attachment_id=581\" rel=\"attachment wp-att-581\"><img decoding=\"async\" loading=\"lazy\" class=\"aligncenter size-large wp-image-581\" title=\"MUL_+ProfLight_100mm Kopie\" src=\"http:\/\/www.paareprojekt.de\/wp-content\/uploads\/MUL_+ProfLight_100mm-Kopie-1024x287.jpg\" alt=\"\" width=\"737\" height=\"207\" srcset=\"https:\/\/www.paareprojekt.de\/wp-content\/uploads\/MUL_+ProfLight_100mm-Kopie-1024x287.jpg 1024w, https:\/\/www.paareprojekt.de\/wp-content\/uploads\/MUL_+ProfLight_100mm-Kopie-200x56.jpg 200w, https:\/\/www.paareprojekt.de\/wp-content\/uploads\/MUL_+ProfLight_100mm-Kopie-400x112.jpg 400w, https:\/\/www.paareprojekt.de\/wp-content\/uploads\/MUL_+ProfLight_100mm-Kopie.jpg 1181w\" sizes=\"(max-width: 737px) 100vw, 737px\" \/><\/a><\/p>\n<h2 style=\"text-align: left;\">Wir sind sehr froh, dass unser Projekt von der K\u00f6lner Firma Multiblitz gesponsert wird: Junior-Chef Falk Wulms hat uns f\u00fcr die Dauer des Paareprojektes mit einer kompletten Blitzanlage Profilux Plus inklusive der neuen Funkfernbedienung Trigger Happy ausgestattet &#8211; vor allem deren &#8222;Easy Clip&#8220;-Funktion, mit der mit minimalem Aufwand Freistellpfade erstellt werden k\u00f6nnen, d\u00fcrfte f\u00fcr uns sehr interessant sein. Dank dieses Systems werden wir uns das l\u00e4stige und zeitraubende Freistellen der Personen, falls der Hintergrund doch mal nicht so wei\u00df wie angedacht ist, endlich ersparen k\u00f6nnen. Eine tolle Erfindung.<\/h2>\n<h2>Danke an Falk und das Multiblitz-Team!<\/h2>\n<p><span style=\"color: #ffffff;\">&#8211;<\/span><\/p>\n<p><span style=\"color: #ffffff;\">&#8211;<\/span><\/p>\n<p style=\"text-align: center;\"><a href=\"http:\/\/www.paareprojekt.de\/wp-content\/uploads\/Halbe_Logo1.jpg\"><img decoding=\"async\" loading=\"lazy\" class=\"aligncenter size-full wp-image-1935\" title=\"Halbe_Logo\" src=\"http:\/\/www.paareprojekt.de\/wp-content\/uploads\/Halbe_Logo1.jpg\" alt=\"\" width=\"794\" height=\"336\" srcset=\"https:\/\/www.paareprojekt.de\/wp-content\/uploads\/Halbe_Logo1.jpg 992w, https:\/\/www.paareprojekt.de\/wp-content\/uploads\/Halbe_Logo1-200x84.jpg 200w, https:\/\/www.paareprojekt.de\/wp-content\/uploads\/Halbe_Logo1-400x169.jpg 400w\" sizes=\"(max-width: 794px) 100vw, 794px\" \/><\/a><\/p>\n<h2>Seid unserer ersten Pr\u00e4sentation auf der Kunstmesse Munich Contempo sind wir von den Magnetrahmen der Firma Halbe vollkommen \u00fcberzeugt. Deshalb sind wir sehr gl\u00fccklich dar\u00fcber, dass Halbe Rahmen unsere bislang umfangreichste Ausstellung im LVR-LandesMuseum Bonn, f\u00fcr die wir alle Rahmen neu anschaffen mussten, mit einem freundlichen Rabatt unterst\u00fctzt hat.<\/h2>\n<h2>Danke an Jens Spornhauer und das Halbe-Team!<\/h2>\n","protected":false},"excerpt":{"rendered":"<p>Wir sind sehr froh, dass unser Projekt von der K\u00f6lner Firma Multiblitz gesponsert wird: Junior-Chef Falk Wulms hat uns f\u00fcr die Dauer des Paareprojektes mit einer kompletten Blitzanlage Profilux Plus inklusive der neuen Funkfernbedienung Trigger Happy ausgestattet &#8211; vor allem deren &#8222;Easy Clip&#8220;-Funktion, mit der mit minimalem Aufwand Freistellpfade erstellt werden k\u00f6nnen, d\u00fcrfte f\u00fcr uns [&hellip;]<\/p>\n","protected":false},"author":1,"featured_media":0,"parent":0,"menu_order":4,"comment_status":"closed","ping_status":"closed","template":"","meta":{"footnotes":""},"_links":{"self":[{"href":"https:\/\/www.paareprojekt.de\/index.php?rest_route=\/wp\/v2\/pages\/549"}],"collection":[{"href":"https:\/\/www.paareprojekt.de\/index.php?rest_route=\/wp\/v2\/pages"}],"about":[{"href":"https:\/\/www.paareprojekt.de\/index.php?rest_route=\/wp\/v2\/types\/page"}],"author":[{"embeddable":true,"href":"https:\/\/www.paareprojekt.de\/index.php?rest_route=\/wp\/v2\/users\/1"}],"replies":[{"embeddable":true,"href":"https:\/\/www.paareprojekt.de\/index.php?rest_route=%2Fwp%2Fv2%2Fcomments&post=549"}],"version-history":[{"count":63,"href":"https:\/\/www.paareprojekt.de\/index.php?rest_route=\/wp\/v2\/pages\/549\/revisions"}],"predecessor-version":[{"id":2038,"href":"https:\/\/www.paareprojekt.de\/index.php?rest_route=\/wp\/v2\/pages\/549\/revisions\/2038"}],"wp:attachment":[{"href":"https:\/\/www.paareprojekt.de\/index.php?rest_route=%2Fwp%2Fv2%2Fmedia&parent=549"}],"curies":[{"name":"wp","href":"https:\/\/api.w.org\/{rel}","templated":true}]}}